{"id":255,"date":"2019-10-05T21:47:19","date_gmt":"2019-10-05T21:47:19","guid":{"rendered":"http:\/\/manifeste-parallel.eliott-markus.digital\/univers\/"},"modified":"2022-06-27T13:52:33","modified_gmt":"2022-06-27T13:52:33","slug":"univers","status":"publish","type":"page","link":"https:\/\/univers.parallel.law\/?page_id=255&lang=en","title":{"rendered":"Univers"},"content":{"rendered":"","protected":false},"excerpt":{"rendered":"","protected":false},"author":3,"featured_media":0,"parent":0,"menu_order":0,"comment_status":"closed","ping_status":"closed","template":"pages\/univers.php","meta":{"footnotes":""},"class_list":["post-255","page","type-page","status-publish","hentry"],"yoast_head":"<!-- This site is optimized with the Yoast SEO plugin v25.5 - https:\/\/yoast.com\/wordpress\/plugins\/seo\/ -->\n<title>Parallel Avocats : d\u00e9couvrir notre expertise et univers<\/title>\n<meta name=\"description\" content=\"Parallel Avocats : d\u00e9couvrir notre expertise et univers. Conseiller et d\u00e9fendre les entreprises du num\u00e9rique, c&#039;est notre mission\" \/>\n<meta name=\"robots\" content=\"index, follow, max-snippet:-1, max-image-preview:large, max-video-preview:-1\" \/>\n<link rel=\"canonical\" href=\"https:\/\/univers.parallel.law\/?page_id=10\" \/>\n<meta property=\"og:locale\" content=\"fr_FR\" \/>\n<meta property=\"og:type\" content=\"article\" \/>\n<meta property=\"og:title\" content=\"Parallel Avocats : d\u00e9couvrir notre expertise et univers\" \/>\n<meta property=\"og:description\" content=\"Parallel Avocats : d\u00e9couvrir notre expertise et univers. Conseiller et d\u00e9fendre les entreprises du num\u00e9rique, c&#039;est notre mission\" \/>\n<meta property=\"og:url\" content=\"https:\/\/univers.parallel.law\/?page_id=10\" \/>\n<meta property=\"og:site_name\" content=\"Univers Parallel Avocats\" \/>\n<meta property=\"article:modified_time\" content=\"2022-06-27T13:52:33+00:00\" \/>\n<meta name=\"twitter:card\" content=\"summary_large_image\" \/>\n<script type=\"application\/ld+json\" class=\"yoast-schema-graph\">{\"@context\":\"https:\/\/schema.org\",\"@graph\":[{\"@type\":\"WebPage\",\"@id\":\"https:\/\/univers.parallel.law\/?page_id=10\",\"url\":\"https:\/\/univers.parallel.law\/?page_id=10\",\"name\":\"Parallel Avocats : d\u00e9couvrir notre expertise et univers\",\"isPartOf\":{\"@id\":\"https:\/\/univers.parallel.law\/#website\"},\"datePublished\":\"2019-10-05T21:47:19+00:00\",\"dateModified\":\"2022-06-27T13:52:33+00:00\",\"description\":\"Parallel Avocats : d\u00e9couvrir notre expertise et univers. Conseiller et d\u00e9fendre les entreprises du num\u00e9rique, c'est notre mission\",\"breadcrumb\":{\"@id\":\"https:\/\/univers.parallel.law\/?page_id=10#breadcrumb\"},\"inLanguage\":\"fr-FR\",\"potentialAction\":[{\"@type\":\"ReadAction\",\"target\":[\"https:\/\/univers.parallel.law\/?page_id=10\"]}]},{\"@type\":\"BreadcrumbList\",\"@id\":\"https:\/\/univers.parallel.law\/?page_id=10#breadcrumb\",\"itemListElement\":[{\"@type\":\"ListItem\",\"position\":1,\"name\":\"Accueil\",\"item\":\"https:\/\/univers.parallel.law\/\"},{\"@type\":\"ListItem\",\"position\":2,\"name\":\"Univers\"}]},{\"@type\":\"WebSite\",\"@id\":\"https:\/\/univers.parallel.law\/#website\",\"url\":\"https:\/\/univers.parallel.law\/\",\"name\":\"Univers Parallel Avocats\",\"description\":\"Univers Parallel Avocats\",\"potentialAction\":[{\"@type\":\"SearchAction\",\"target\":{\"@type\":\"EntryPoint\",\"urlTemplate\":\"https:\/\/univers.parallel.law\/?s={search_term_string}\"},\"query-input\":{\"@type\":\"PropertyValueSpecification\",\"valueRequired\":true,\"valueName\":\"search_term_string\"}}],\"inLanguage\":\"fr-FR\"}]}<\/script>\n<!-- \/ Yoast SEO plugin. -->","yoast_head_json":{"title":"Parallel Avocats : d\u00e9couvrir notre expertise et univers","description":"Parallel Avocats : d\u00e9couvrir notre expertise et univers. Conseiller et d\u00e9fendre les entreprises du num\u00e9rique, c'est notre mission","robots":{"index":"index","follow":"follow","max-snippet":"max-snippet:-1","max-image-preview":"max-image-preview:large","max-video-preview":"max-video-preview:-1"},"canonical":"https:\/\/univers.parallel.law\/?page_id=10","og_locale":"fr_FR","og_type":"article","og_title":"Parallel Avocats : d\u00e9couvrir notre expertise et univers","og_description":"Parallel Avocats : d\u00e9couvrir notre expertise et univers. Conseiller et d\u00e9fendre les entreprises du num\u00e9rique, c'est notre mission","og_url":"https:\/\/univers.parallel.law\/?page_id=10","og_site_name":"Univers Parallel Avocats","article_modified_time":"2022-06-27T13:52:33+00:00","twitter_card":"summary_large_image","schema":{"@context":"https:\/\/schema.org","@graph":[{"@type":"WebPage","@id":"https:\/\/univers.parallel.law\/?page_id=10","url":"https:\/\/univers.parallel.law\/?page_id=10","name":"Parallel Avocats : d\u00e9couvrir notre expertise et univers","isPartOf":{"@id":"https:\/\/univers.parallel.law\/#website"},"datePublished":"2019-10-05T21:47:19+00:00","dateModified":"2022-06-27T13:52:33+00:00","description":"Parallel Avocats : d\u00e9couvrir notre expertise et univers. Conseiller et d\u00e9fendre les entreprises du num\u00e9rique, c'est notre mission","breadcrumb":{"@id":"https:\/\/univers.parallel.law\/?page_id=10#breadcrumb"},"inLanguage":"fr-FR","potentialAction":[{"@type":"ReadAction","target":["https:\/\/univers.parallel.law\/?page_id=10"]}]},{"@type":"BreadcrumbList","@id":"https:\/\/univers.parallel.law\/?page_id=10#breadcrumb","itemListElement":[{"@type":"ListItem","position":1,"name":"Accueil","item":"https:\/\/univers.parallel.law\/"},{"@type":"ListItem","position":2,"name":"Univers"}]},{"@type":"WebSite","@id":"https:\/\/univers.parallel.law\/#website","url":"https:\/\/univers.parallel.law\/","name":"Univers Parallel Avocats","description":"Univers Parallel Avocats","potentialAction":[{"@type":"SearchAction","target":{"@type":"EntryPoint","urlTemplate":"https:\/\/univers.parallel.law\/?s={search_term_string}"},"query-input":{"@type":"PropertyValueSpecification","valueRequired":true,"valueName":"search_term_string"}}],"inLanguage":"fr-FR"}]}},"_links":{"self":[{"href":"https:\/\/univers.parallel.law\/index.php?rest_route=\/wp\/v2\/pages\/255","targetHints":{"allow":["GET"]}}],"collection":[{"href":"https:\/\/univers.parallel.law\/index.php?rest_route=\/wp\/v2\/pages"}],"about":[{"href":"https:\/\/univers.parallel.law\/index.php?rest_route=\/wp\/v2\/types\/page"}],"author":[{"embeddable":true,"href":"https:\/\/univers.parallel.law\/index.php?rest_route=\/wp\/v2\/users\/3"}],"replies":[{"embeddable":true,"href":"https:\/\/univers.parallel.law\/index.php?rest_route=%2Fwp%2Fv2%2Fcomments&post=255"}],"version-history":[{"count":26,"href":"https:\/\/univers.parallel.law\/index.php?rest_route=\/wp\/v2\/pages\/255\/revisions"}],"predecessor-version":[{"id":320,"href":"https:\/\/univers.parallel.law\/index.php?rest_route=\/wp\/v2\/pages\/255\/revisions\/320"}],"wp:attachment":[{"href":"https:\/\/univers.parallel.law\/index.php?rest_route=%2Fwp%2Fv2%2Fmedia&parent=255"}],"curies":[{"name":"wp","href":"https:\/\/api.w.org\/{rel}","templated":true}]}}